{"id":178,"date":"2021-09-05T22:48:54","date_gmt":"2021-09-05T20:48:54","guid":{"rendered":"https:\/\/przystanrozwoju.pl\/?page_id=178"},"modified":"2021-09-05T22:48:54","modified_gmt":"2021-09-05T20:48:54","slug":"o-niektorych-lekach-kobiet-zanim-pojdziesz-na-terapie-recenzje","status":"publish","type":"page","link":"https:\/\/przystanrozwoju.pl\/?page_id=178","title":{"rendered":"O niekt\u00f3rych l\u0119kach kobiet. Zanim p\u00f3jdziesz na terapi\u0119 &#8211; recenzje"},"content":{"rendered":"\n<p>Podobno ludzie na \u0142o\u017cu \u015bmierci najbardziej \u017ca\u0142uj\u0105 tego, \u017ce nie robili w \u017cyciu rzeczy, kt\u00f3re by\u0142y dobre, pi\u0119kne i wyp\u0142ywa\u0142y z ich serca. Nie robili tego, co czuli, ale to co proponowa\u0142 im \u015bwiat i okoliczno\u015bci. Wi\u0119kszo\u015b\u0107 z\u0142ych wybor\u00f3w i decyzji rodzi si\u0119 w l\u0119ku. Z l\u0119ku mo\u017cna odrzuci\u0107 swoje najwa\u017cniejsze powo\u0142anie i wci\u0105\u017c ucieka\u0107 od swojego miejsca na ziemi. Pami\u0119taj, \u017ce to sygna\u0142, ale z drugiej strony l\u0119k mo\u017ce by\u0107 bod\u017acem do pot\u0119\u017cnego rozwoju!<br><strong>Arkadio (Arkadiusz Zbozie\u0144), raper, freestylowiec, m\u00f3wca<\/strong><\/p>\n\n\n\n<p>B\u00f3g stworzy\u0142 cz\u0142owieka jako m\u0119\u017cczyzn\u0119 i kobiet\u0119. Stworzy\u0142 nas r\u00f3wnych sobie, ale jednocze\u015bnie r\u00f3\u017cnych. Stworzy\u0142 nas do relacji.&nbsp;Ta ksi\u0105\u017cka \u015bwietnie pokazuje nasz\u0105 komplementarno\u015b\u0107.&nbsp;Nie b\u00f3j si\u0119 l\u0119ku&nbsp;<strong>\u2013<\/strong>&nbsp;nazwij go i s\u0142uchaj. Stawiaj granice i b\u0105d\u017a wolna w swoim cz\u0142owiecze\u0144stwie. \u015awietna ksi\u0105\u017cka nie tylko dla kobiet, gdy\u017c zg\u0142\u0119biaj\u0105c siebie nawzajem jeste\u015bmy si\u0119 w stanie uzupe\u0142nia\u0107. Polecam serdecznie.<br><strong>Mateusz Banaszkiewicz, artysta kabaretowy<\/strong><\/p>\n\n\n\n<p>Ksi\u0105\u017cka o kobietach i dla kobiet, ale i nie tylko. Mog\u0105 przeczyta\u0107 j\u0105 m\u0119\u017cczy\u017ani, mo\u017ce by\u0107 czytana<br>w rodzinie. Ksi\u0105\u017cka zach\u0119ca do zatrzymania si\u0119 nad sob\u0105, do spotkania z l\u0119kami, stratami, nierozwi\u0105zanymi problemami, trudnymi pytaniami i z decyzjami, jakie s\u0105 w nas. Zaprasza do pracy nad sob\u0105, nad g\u0142\u0119bszym poznaniem samej siebie, do odkrywania swoich kobiecych mo\u017cliwo\u015bci\u2026 do bardziej satysfakcjonuj\u0105cego \u017cycia. Pisana w formie dialogu, przypomina czasami serdeczn\u0105, ciep\u0142\u0105 rozmow\u0119, d\u0142ugo oczekiwany list o wa\u017cnych sprawach, nad kt\u00f3rych rozwi\u0105zaniem my\u015blimy od dawna. Warto przeczyta\u0107.<br><strong>Anna Boru\u0144 \u2013 Stelmaszczyk, psychoterapeutka<\/strong><\/p>\n\n\n\n<p>Shakespeare m\u00f3wi\u0142 \u201e\u015bwiadomo\u015b\u0107 czyni nas tch\u00f3rzami\u201d, a ja m\u00f3wi\u0119 po przeczytaniu Waszej ksi\u0105\u017cki: \u201e\u015bwiadomo\u015b\u0107 daje pok\u00f3j\u201d. \u015awiadomo\u015b\u0107 siebie, swoich pragnie\u0144, uczu\u0107, kt\u00f3re nam towarzysz\u0105, otwiera nam drzwi do ogrodu naszego \u017cycia. My jako ten ogrodnik winni\u015bmy o ten ogr\u00f3d dba\u0107, oczyszcza\u0107, dzieli\u0107 si\u0119 plonami. Patrze\u0107 w siebie i na siebie z uwag\u0105 i mi\u0142o\u015bci\u0105 to jest wyzwanie, ale pi\u0119knie owocuje. Jaki jest Tw\u00f3j ogr\u00f3d? Mo\u017ce po przeczytaniu tej ksi\u0105\u017cki wyrwiesz kilka chwast\u00f3w, mo\u017ce wytniesz drzewa. Mnie si\u0119 uda\u0142o. Dzi\u0119kuj\u0119.<br><strong>Dominika Chorosi\u0144ska, aktorka<\/strong><\/p>\n\n\n\n<p>Lek na l\u0119k. Temat ponadczasowy i zawsze aktualny, to jasne. Ale mam wra\u017cenie, \u017ce ta ksi\u0105\u017cka nie mog\u0142a ukaza\u0107 si\u0119 w lepszym czasie\u2026 Podczas pandemii w wielu domach \u201etrup wypad\u0142 z szafy\u201d, a mn\u00f3stwo ludzi odkry\u0142o sw\u0105 krucho\u015b\u0107, s\u0142abo\u015b\u0107 i bezbronno\u015b\u0107 wobec natarczywych atak\u00f3w l\u0119ku. Ilu z moich znajomych opowiada\u0142o mi o nocnych pobudkach, gdy ich&nbsp;g\u0142ow\u0119 bombarduj\u0105 tysi\u0105ce czarnych scenariuszy\u2026 \u201eTrzeba naplu\u0107 l\u0119kowi w twarz\u201d&nbsp;<strong>\u2013<\/strong>m\u00f3wi\u0142 mi Johannes Hartl, niemiecki teolog i filozof. \u0141atwo powiedzie\u0107\u2026 Czy da si\u0119 go oswoi\u0107, przeskoczy\u0107, zag\u0142aska\u0107? Naprawd\u0119 trzeba si\u0119 z nim zmierzy\u0107?&nbsp;W tej znakomitej konkretnej do b\u00f3lu ksi\u0105\u017cce znajdziesz odpowied\u017a.<br><strong>Marcin Jakimowicz, dziennikarz<\/strong><\/p>\n\n\n\n<p>\u201eStrach zapuka\u0142 do drzwi, otworzy\u0142a mu odwaga, i nikogo tam nie by\u0142o\u201d \u2013 to jeden z cytat\u00f3w kluczy mojego \u017cycia. Ka\u017cdego dnia towarzyszy mi te\u017c inny, gdy tamten nie wystarcza:&nbsp;\u201eChocia\u017cbym chodzi\u0142 ciemn\u0105 dolin\u0105, z\u0142a si\u0119 nie ul\u0119kn\u0119, bo Ty jeste\u015b&nbsp; ze mn\u0105\u201c. Jego autorem jest kr\u00f3l Dawid. Ka\u017cdy ma swoj\u0105 dolin\u0119 cienia, por\u00f3wnywaln\u0105 do tej pomi\u0119dzy Jerychem, a Jerozolim\u0105. A cz\u0119sto znacznie gro\u017aniejsz\u0105. Jak j\u0105 pokona\u0107? O tym jest ta ksi\u0105\u017cka.<br><strong>Dorota \u0141osiewicz, dziennikarka<\/strong><\/p>\n\n\n\n<p>Bardzo potrzebna ksi\u0105\u017cka. Pokazuje nam, kobietom, jak odzyska\u0107 utracon\u0105 zdolno\u015b\u0107 rozumienia swoich uczu\u0107, zaakceptowa\u0107 je i zaufa\u0107 sobie.&nbsp; Uczy tak bardzo potrzebnej czu\u0142o\u015bci wobec siebie, zdrowych relacji i&nbsp;\u015bwiadomego prze\u017cywania \u017cycia. U\u015bwiadamia, \u017ce l\u0119k jest darem s\u0142u\u017c\u0105cym do odczytywania zagro\u017ce\u0144, i \u017ce znaj\u0105c jego \u017ar\u00f3d\u0142o, \u0142atwo mo\u017cna nim zarz\u0105dza\u0107 i wcale nie trzeba z nim \u017cy\u0107. Przeczyta\u0142am jednym tchem i b\u0119d\u0119 wraca\u0107. Szczeg\u00f3lnie do tre\u015bci, kt\u00f3re m\u00f3wi\u0105 o stawianiu granic, oraz o tym, \u017ce najpierw trzeba zadba\u0107 o siebie, a potem o innych.<br><strong>Anna&nbsp;Musia\u0142, aktorka<\/strong><\/p>\n\n\n\n<p>Je\u015bli \u017cyjesz, to czujesz. Cz\u0119sto czujemy l\u0119k. Jak si\u0119 go pozby\u0107? I czy w og\u00f3le si\u0119 go pozbywa\u0107? Bo by\u0107 mo\u017ce jest naszym przyjacielem? Tak\u0105 tez\u0119 stawiaj\u0105 autorzy niniejszej ksi\u0105\u017cki. Co l\u0119k m\u00f3wi nam o nas samych i o relacjach z innymi? Boimy si\u0119 np., \u017ce m\u00f3wi\u0105c prawd\u0119 sprawimy komu\u015b przykro\u015b\u0107? Ale prawd\u0119 powiedzie\u0107 musimy, wi\u0119c co robi\u0107? &nbsp;Wartko napisana, trafiaj\u0105ca w punkt, uczciwa i aktualna ksi\u0105\u017cka o l\u0119kach, zreszt\u0105 nie tylko chyba kobiecych.<br><strong>Anna Popek, dziennikarka<\/strong><\/p>\n\n\n\n<p>Zawsze towarzyszy\u0142 mi l\u0119k. Przez ca\u0142e \u017cycie, a\u017c do dzi\u015b. L\u0119k to trudny towarzysz podr\u00f3\u017cy. Niezbyt rozmowny. Uci\u0105\u017cliwy i uparty. \u017by\u0142o mi si\u0119 z nim ci\u0119\u017cko a\u017c do czasu, gdy poszukuj\u0105c przyczyn wypadk\u00f3w drogowych zrozumia\u0142em, \u017ce to l\u0119k uchroni\u0142 mnie przed wieloma b\u0142\u0119dami na drodze, wypadkami a nawet \u015bmierci\u0105! \u017bycie to te\u017c droga. Nie narzekajmy, \u017ce i tu pe\u0142no l\u0119ku. Ale on jest po\u017cyteczny. Mo\u017ce nas chroni\u0107 przed naszymi b\u0142\u0119dami Ta ksi\u0105\u017cka jest&nbsp;w\u0142a\u015bnie o tym. Ostatnie zdanie obiecuje, \u017ce w nast\u0119pnej b\u0119dzie mowa o l\u0119kach m\u0119\u017cczyzn, bo ta jest o l\u0119kach kobiet. Ej\u017ce! Czy&nbsp;tylko o l\u0119kach kobiet. Na pewno jest wa\u017cnym przewodnikiem dla ka\u017cdego.&nbsp; Bez wzgl\u0119du na p\u0142e\u0107! O Bo\u017ce, gdybym ja j\u0105 mia\u0142 te kilkadziesi\u0105t lat temu!<br><strong>W\u0142odzimierz Zientarski, dziennikarz<\/strong><\/p>\n","protected":false},"excerpt":{"rendered":"<p>Podobno ludzie na \u0142o\u017cu \u015bmierci najbardziej \u017ca\u0142uj\u0105 tego, \u017ce nie robili w \u017cyciu rzeczy, kt\u00f3re by\u0142y dobre, pi\u0119kne i wyp\u0142ywa\u0142y z ich serca. Nie robili tego, co czuli, ale to co proponowa\u0142 im \u015bwiat i okoliczno\u015bci. Wi\u0119kszo\u015b\u0107 z\u0142ych wybor\u00f3w i decyzji rodzi si\u0119 w l\u0119ku. Z l\u0119ku mo\u017cna odrzuci\u0107 swoje najwa\u017cniejsze powo\u0142anie i wci\u0105\u017c ucieka\u0107&#8230;<\/p>\n","protected":false},"author":1,"featured_media":0,"parent":0,"menu_order":0,"comment_status":"closed","ping_status":"closed","template":"","meta":{"footnotes":""},"class_list":["post-178","page","type-page","status-publish","hentry"],"_links":{"self":[{"href":"https:\/\/przystanrozwoju.pl\/index.php?rest_route=\/wp\/v2\/pages\/178","targetHints":{"allow":["GET"]}}],"collection":[{"href":"https:\/\/przystanrozwoju.pl\/index.php?rest_route=\/wp\/v2\/pages"}],"about":[{"href":"https:\/\/przystanrozwoju.pl\/index.php?rest_route=\/wp\/v2\/types\/page"}],"author":[{"embeddable":true,"href":"https:\/\/przystanrozwoju.pl\/index.php?rest_route=\/wp\/v2\/users\/1"}],"replies":[{"embeddable":true,"href":"https:\/\/przystanrozwoju.pl\/index.php?rest_route=%2Fwp%2Fv2%2Fcomments&post=178"}],"version-history":[{"count":1,"href":"https:\/\/przystanrozwoju.pl\/index.php?rest_route=\/wp\/v2\/pages\/178\/revisions"}],"predecessor-version":[{"id":179,"href":"https:\/\/przystanrozwoju.pl\/index.php?rest_route=\/wp\/v2\/pages\/178\/revisions\/179"}],"wp:attachment":[{"href":"https:\/\/przystanrozwoju.pl\/index.php?rest_route=%2Fwp%2Fv2%2Fmedia&parent=178"}],"curies":[{"name":"wp","href":"https:\/\/api.w.org\/{rel}","templated":true}]}}