{"id":2,"date":"2021-05-26T23:36:43","date_gmt":"2021-05-26T21:36:43","guid":{"rendered":"http:\/\/przystanrozwoju.pl\/?page_id=2"},"modified":"2026-04-12T16:20:33","modified_gmt":"2026-04-12T14:20:33","slug":"przykladowa-strona","status":"publish","type":"page","link":"https:\/\/przystanrozwoju.pl\/","title":{"rendered":"Przysta\u0144 Rozwoju"},"content":{"rendered":"\n<figure class=\"wp-block-image size-large is-style-default\"><img loading=\"lazy\" decoding=\"async\" width=\"1024\" height=\"498\" src=\"http:\/\/przystanrozwoju.pl\/wp-content\/uploads\/2021\/05\/obrazek_startowy-1024x498.jpg\" alt=\"\" class=\"wp-image-72\" srcset=\"https:\/\/przystanrozwoju.pl\/wp-content\/uploads\/2021\/05\/obrazek_startowy-1024x498.jpg 1024w, https:\/\/przystanrozwoju.pl\/wp-content\/uploads\/2021\/05\/obrazek_startowy-300x146.jpg 300w, https:\/\/przystanrozwoju.pl\/wp-content\/uploads\/2021\/05\/obrazek_startowy-768x373.jpg 768w, https:\/\/przystanrozwoju.pl\/wp-content\/uploads\/2021\/05\/obrazek_startowy-1536x747.jpg 1536w, https:\/\/przystanrozwoju.pl\/wp-content\/uploads\/2021\/05\/obrazek_startowy-850x413.jpg 850w, https:\/\/przystanrozwoju.pl\/wp-content\/uploads\/2021\/05\/obrazek_startowy.jpg 1802w\" sizes=\"auto, (max-width: 1024px) 100vw, 1024px\" \/><\/figure>\n\n\n\n<p>To przestrze\u0144 dla chrze\u015bcijan. Jeste\u015bmy doros\u0142ymi&nbsp;z wielu \u015brodowisk, w wieku&nbsp;najcz\u0119\u015bciej 30+. Naszym celem jest dialog, rozw\u00f3j, wzajemne inspiracje oraz budowanie g\u0142\u0119bszych i pe\u0142niejszych&nbsp;relacji&nbsp;poprzez&nbsp;<strong>spotkanie \u2013 z Bogiem, ze sob\u0105 i z drugim cz\u0142owiekiem.<\/strong><\/p>\n\n\n\n<p>Zapraszamy Ci\u0119 na comiesi\u0119czne Msze \u015awi\u0119te i rozwojowe&nbsp;spotkania, prowadzone przez ksi\u0119dza Stanis\u0142awa Szlass\u0119, duszpasterza Przystani Rozwoju.<\/p>\n\n\n<div class=\"wp-block-image is-resized\">\n<figure class=\"aligncenter size-medium\"><img loading=\"lazy\" decoding=\"async\" width=\"300\" height=\"241\" src=\"https:\/\/przystanrozwoju.pl\/wp-content\/uploads\/2021\/07\/PRLogo-300x241.png\" alt=\"\" class=\"wp-image-156\" style=\"width:161px;height:auto\" srcset=\"https:\/\/przystanrozwoju.pl\/wp-content\/uploads\/2021\/07\/PRLogo-300x241.png 300w, https:\/\/przystanrozwoju.pl\/wp-content\/uploads\/2021\/07\/PRLogo.png 414w\" sizes=\"auto, (max-width: 300px) 100vw, 300px\" \/><\/figure>\n<\/div>\n\n\n<p class=\"has-white-background-color has-background\"><\/p>\n","protected":false},"excerpt":{"rendered":"<p>To przestrze\u0144 dla chrze\u015bcijan. Jeste\u015bmy doros\u0142ymi&nbsp;z wielu \u015brodowisk, w wieku&nbsp;najcz\u0119\u015bciej 30+. Naszym celem jest dialog, rozw\u00f3j, wzajemne inspiracje oraz budowanie g\u0142\u0119bszych i pe\u0142niejszych&nbsp;relacji&nbsp;poprzez&nbsp;spotkanie \u2013 z Bogiem, ze sob\u0105 i z drugim cz\u0142owiekiem. Zapraszamy Ci\u0119 na comiesi\u0119czne Msze \u015awi\u0119te i rozwojowe&nbsp;spotkania, prowadzone przez ksi\u0119dza Stanis\u0142awa Szlass\u0119, duszpasterza Przystani Rozwoju.<\/p>\n","protected":false},"author":1,"featured_media":0,"parent":0,"menu_order":0,"comment_status":"closed","ping_status":"open","template":"","meta":{"footnotes":""},"class_list":["post-2","page","type-page","status-publish","hentry"],"_links":{"self":[{"href":"https:\/\/przystanrozwoju.pl\/index.php?rest_route=\/wp\/v2\/pages\/2","targetHints":{"allow":["GET"]}}],"collection":[{"href":"https:\/\/przystanrozwoju.pl\/index.php?rest_route=\/wp\/v2\/pages"}],"about":[{"href":"https:\/\/przystanrozwoju.pl\/index.php?rest_route=\/wp\/v2\/types\/page"}],"author":[{"embeddable":true,"href":"https:\/\/przystanrozwoju.pl\/index.php?rest_route=\/wp\/v2\/users\/1"}],"replies":[{"embeddable":true,"href":"https:\/\/przystanrozwoju.pl\/index.php?rest_route=%2Fwp%2Fv2%2Fcomments&post=2"}],"version-history":[{"count":28,"href":"https:\/\/przystanrozwoju.pl\/index.php?rest_route=\/wp\/v2\/pages\/2\/revisions"}],"predecessor-version":[{"id":843,"href":"https:\/\/przystanrozwoju.pl\/index.php?rest_route=\/wp\/v2\/pages\/2\/revisions\/843"}],"wp:attachment":[{"href":"https:\/\/przystanrozwoju.pl\/index.php?rest_route=%2Fwp%2Fv2%2Fmedia&parent=2"}],"curies":[{"name":"wp","href":"https:\/\/api.w.org\/{rel}","templated":true}]}}