{"id":287,"date":"2022-04-10T21:11:50","date_gmt":"2022-04-10T19:11:50","guid":{"rendered":"https:\/\/przystanrozwoju.pl\/?page_id=287"},"modified":"2022-04-10T21:11:50","modified_gmt":"2022-04-10T19:11:50","slug":"o-niektorych-lekach-dzieci-i-nastolatkow","status":"publish","type":"page","link":"https:\/\/przystanrozwoju.pl\/?page_id=287","title":{"rendered":"O niekt\u00f3rych l\u0119kach dzieci i nastolatk\u00f3w"},"content":{"rendered":"\n<p><strong>RECENZJE&nbsp;<\/strong><\/p>\n\n\n\n<p>Nie czyta\u0142em dotychczasowych publikacji Katarzyny Matusz i ks. Stanis\u0142awa Szlassy. \u201eO niekt\u00f3rych l\u0119kach dzieci i nastolatk\u00f3w. Zanim p\u00f3jdziesz na terapi\u0119\u201d jest pierwsz\u0105. Ksi\u0119dza Stanis\u0142awa znam raczej jako celebransa z u\u015bmiechem przygl\u0105daj\u0105cego si\u0119 ka\u017cdemu obecnemu w ko\u015bciele, jakby chcia\u0142 sprawdzi\u0107 list\u0119 obecno\u015bci, albo mo\u017ce da\u0107 odczu\u0107 ka\u017cdemu z osobna, \u017ce cieszy go jego obecno\u015b\u0107.&nbsp;<\/p>\n\n\n\n<p>Podkre\u015blenie znaczenia obecno\u015bci rodzic\u00f3w w \u017cyciu dzieci jest chyba najwa\u017cniejsz\u0105 tre\u015bci\u0105 tej ksi\u0105\u017cki. Do\u015bwiadczy\u0142em tego zaraz na pocz\u0105tku jej lektury, kiedy pomy\u015bla\u0142em, \u017ce zostan\u0119 chwil\u0119 d\u0142u\u017cej w biurze i kiedy ju\u017c nikogo nie b\u0119dzie, a sprawy b\u0119d\u0105 w miar\u0119 domkni\u0119te, na spokojnie sobie j\u0105 przeczytam. W domu, dop\u00f3ki moja tr\u00f3jka dzieci nie p\u00f3jdzie spa\u0107, te\u017c nie b\u0119dzie na to czasu. Jednak zdanie \u201eMia\u0142 czas, a go nie da\u0142\u201d zapali\u0142o w mej g\u0142owie ostrzegawcze \u015bwiat\u0142o \u2013 jed\u017a do dzieci. I pojecha\u0142em, a dalsz\u0105 cz\u0119\u015b\u0107 ksi\u0105\u017cki czyta\u0142em ju\u017c innego dnia, lec\u0105c samolotem.<\/p>\n\n\n\n<p>Zatrzymanie si\u0119 na samej obecno\u015bci by\u0142oby jednak niewystarczaj\u0105ce. Ksi\u0105\u017cka m\u00f3wi, dlaczego wa\u017cna jest obecno\u015b\u0107 \u015bwiadomych rodzic\u00f3w i dlaczego wa\u017cne jest, aby mieli oni integralne, autentyczne osobowo\u015bci. I taka jest ta ksi\u0105\u017cka.&nbsp;<a>Pisz\u0105c, \u017ce w rozwoju dziecka wa\u017cny jest ka\u017cdy szczeg\u00f3\u0142, autorzy nie pozostawiaj\u0105 niedom\u00f3wie\u0144 i rozmawiaj\u0105 o ca\u0142ym okresie dochodzenia do doros\u0142o\u015bci i o tym, jak rodzice buduj\u0105 osobowo\u015b\u0107 doros\u0142ego cz\u0142owieka.&nbsp;<\/a>Dlatego ten dialog, cho\u0107 napisany przyst\u0119pnym j\u0119zykiem, nie jest jednak prost\u0105 lektur\u0105. Czytaj\u0105c go, niemal\u017ce mimowolnie konfrontowa\u0142em te tre\u015bci ze swoim dzieci\u0144stwem i z tym, jakim jestem ojcem. Padaj\u0105 tu pytania i odpowiedzi, kt\u00f3re znamy, takie kt\u00f3rych pod\u015bwiadomie mo\u017ce nie chcemy postawi\u0107 i takie, kt\u00f3re s\u0105 zaskoczeniem.&nbsp;<\/p>\n\n\n\n<p><strong>Marek, m\u0105\u017c Jednej, tata tr\u00f3jki&nbsp;<\/strong><\/p>\n\n\n\n<p><a>Bycie ojcem nie jest prostym zadaniem. Istniej\u0105 \u017cyciowe wyzwania, kt\u00f3re mog\u0105 zmieni\u0107 wszystko, co zaplanowali\u015bmy dla naszych dzieci.&nbsp;<\/a>O tym w\u0142a\u015bnie jest ta ksi\u0105\u017cka, aby osi\u0105gn\u0105\u0107 zdolno\u015b\u0107 radzenia sobie w trudnych sytuacjach i nie traci\u0107 kontroli nad swoim \u017cyciem i \u017cyciem swoich dzieci.<\/p>\n\n\n\n<p><strong>Sheriff Abdalazeem, m\u0105\u017c i ojciec<\/strong><\/p>\n\n\n\n<p>Wiesz ju\u017c wszystko, prawda? A gdzie si\u0119 podzia\u0142y relacje, warto\u015bci? C\u00f3\u017c ukoi wiecznie niespokojne rodzicielskie serce? To rozmowa\u2026 Spokojna i wywa\u017cona, gdzie teoria przeplata si\u0119 z do\u015bwiadczeniem i subteln\u0105 duchowo\u015bci\u0105. To ksi\u0105\u017cka nie dla rodzic\u00f3w, ale dla tych, kt\u00f3rzy chc\u0105 by\u0107 bardziej uwa\u017cni i \u015bwiadomi. \u015awiadomi siebie, przysz\u0142o\u015bci, jak\u0105 oferuj\u0105 swoim dzieciom. Tego, jakimi s\u0105 i chc\u0105 by\u0107 dzie\u0107mi, rodzicami, dziadkami<a>.&nbsp;A gdyby tak sta\u0107 si\u0119 rodzicem, opiekunem, przewodnikiem i\u2026 nie zwariowa\u0107?<\/a><\/p>\n\n\n\n<p><strong>Agata Gajos, psycholog<\/strong><\/p>\n\n\n\n<p>Ksi\u0105\u017cka ta to niezwyk\u0142a i zaskakuj\u0105ca podr\u00f3\u017c w \u015bwiat dziecka, kt\u00f3ry cz\u0119sto jest dla nas rodzic\u00f3w niezrozumia\u0142y i obcy. I cho\u0107 bardzo kochamy nasze pociechy i chcemy dla nich jak najlepiej, to niemal\u017ce ka\u017cdego dnia pope\u0142niamy mas\u0119 b\u0142\u0119d\u00f3w, kt\u00f3rych w du\u017cej mierze nie jeste\u015bmy \u015bwiadomi lub zwyczajnie trudno jest nam doros\u0142ym si\u0119 do nich przyzna\u0107 przed samymi sob\u0105. A jeszcze trudniej zajrze\u0107 w g\u0142\u0105b siebie, by zrozumie\u0107 sk\u0105d nasze zachowania wzgl\u0119dem tych najmniejszych si\u0119 bior\u0105 i przyj\u0105\u0107, \u017ce cho\u0107 nie wiadomo jakby\u015bmy si\u0119 starali to i tak nie uda nam si\u0119 nie skrzywdzi\u0107 naszych dzieci, cho\u0107 w najmniejszym stopniu.&nbsp;<\/p>\n\n\n\n<p>Czytaj\u0105c kolejne strony, coraz bardziej z niema\u0142ym zaskoczeniem odkrywamy, \u017ce to, jak zachowuj\u0105 si\u0119 nasze dzieci, jest odzwierciedleniem naszego w\u0142asnego dzieci\u0144stwa, naszych cz\u0119sto po\u0142amanych i powykrzywianych relacji oraz koncepcji na \u017cycie, kt\u00f3re zosta\u0142y nam wt\u0142oczone do g\u0142\u00f3w i kt\u00f3rych d\u0142ugimi latami z uporem maniaka si\u0119 trzymamy. I cho\u0107 cz\u0119sto zarzekamy si\u0119, \u017ce chcemy lepszego dzieci\u0144stwa dla naszych dzieci ni\u017c to, kt\u00f3re sami mieli\u015bmy, to powielamy schematy i b\u0142\u0119dne zachowania, w kt\u00f3rych przysz\u0142o nam samym wzrasta\u0107. Zwyczajnie karmimy nasze dzieci tym, czym zostali\u015bmy sami nakarmieni.<\/p>\n\n\n\n<p>W tym przewodniku po l\u0119kach dzieci i nastolatk\u00f3w, dla kt\u00f3rych \u015bwiat jest z jednej strony niesamowit\u0105 fascynuj\u0105c\u0105 przygod\u0105, a z drugiej istnym polem minowym, ka\u017cdy rodzic nie tylko znale\u017a\u0107 mo\u017ce odpowiedzi na wiele nurtuj\u0105cych pyta\u0144, ale przede wszystkim mo\u017ce odkry\u0107 na nowo jak wa\u017cne zadanie przed nim stoi. A stawka jest ogromna, bowiem to od nas rodzic\u00f3w w ogromnej mierze zale\u017cy, z jakim baga\u017cem do\u015bwiadcze\u0144 nasze dziecko wejdzie w ten doros\u0142y \u015bwiat.<\/p>\n\n\n\n<p>Nasze dzieci nie marz\u0105 o tym, \u017ce otrzymaj\u0105 od nas, rodzic\u00f3w, grube portfele czy zasobne konta, mieszkanie na Wilanowie, kariery super pi\u0142karzy czy studia na Oxfordzie. One pragn\u0105 naszego czasu, uwagi, zrozumienia, a przede wszystkim potraktowania jak drugiego cz\u0142owieka, kt\u00f3ry ma swoj\u0105 godno\u015b\u0107, swoj\u0105 emocjonalno\u015b\u0107, kt\u00f3ry prze\u017cywa problemy, rozterki serca, odnosi sukcesy i pora\u017cki.&nbsp;<a>Nasze dzieci chc\u0105 tego, czego my doro\u015bli jako dzieci tak bardzo pragn\u0119li\u015bmy: by rodzice byli z nimi w ka\u017cdym z tych moment\u00f3w, towarzyszyli w tej codziennej drodze i t\u0142umaczyli \u015bwiat, kt\u00f3ry my doro\u015bli uczynili\u015bmy tak zawi\u0142ym i pe\u0142nym niejednokrotnie sprzeczno\u015bci.&nbsp;<\/a><\/p>\n\n\n\n<p>To pozycja dla ka\u017cdego rodzica, niezale\u017cnie od tego, czy ma jedno, dw\u00f3jk\u0119, czy \u00f3semk\u0119 dzieci.&nbsp;<\/p>\n\n\n\n<p>Jako ojciec sz\u00f3stki ma\u0142ych ludzi doskonale widz\u0119, jak ka\u017cde z nich jest inne, jak r\u00f3\u017cne ma potrzeby i w jak r\u00f3\u017cny spos\u00f3b prze\u017cywa codzienne wydarzenia. Ale ka\u017cde z nich codziennie zabiega o jedno i to samo: o czas z tat\u0105 i czas z mam\u0105, kt\u00f3ry jest tysi\u0105c razy wa\u017cniejszy, lepszy i ciekawszy ni\u017c najwspanialsza gra komputerowa czy najwspanialszy film. Pragn\u0105 by\u0107 zauwa\u017cone, zrozumiane, a przede wszystkim wys\u0142uchane, bo przecie\u017c tyle maj\u0105 nam ka\u017cdego dnia do opowiedzenia. Chc\u0105 tak\u017ce \u2013 cho\u0107 tego nie przyznaj\u0105 \u2013 by\u015bmy stawiali im jasne granice, w kt\u00f3rych b\u0119d\u0105 mog\u0142y poczu\u0107 si\u0119 bezpiecznie, mimo i\u017c wielokrotnie spowoduj\u0105 w nich frustracj\u0119 czy sprzeciw, ale tak\u017ce pozytywnie nakr\u0119c\u0105 i zmusz\u0105 do pomys\u0142owo\u015bci oraz tw\u00f3rczo\u015bci.&nbsp;Nasze dzieci po prostu nas potrzebuj\u0105 i kochaj\u0105 by\u0107 kochane. Tak jak ka\u017cdy cz\u0142owiek.<\/p>\n\n\n\n<p><strong>Andrzej Gajcy, szcz\u0119\u015bliwy m\u0105\u017c i ojciec sz\u00f3stki dzieci, dziennikarz portalu Onet.pl&nbsp;<\/strong><\/p>\n\n\n\n<p>Ta ksi\u0105\u017cka mo\u017ce by\u0107 powrotem do dzieci\u0144stwa, do sytuacji, z kt\u00f3rymi sami si\u0119 jeszcze nie pogodzili\u015bmy, a zatem mo\u017ce by\u0107 te\u017c pocz\u0105tkiem \u201ekatharsis\u201d i nowej drogi. Ale\u2026 mo\u017ce by\u0107 te\u017c dobr\u0105 wskaz\u00f3wk\u0105 dla przysz\u0142ych rodzic\u00f3w, jakich b\u0142\u0119d\u00f3w nie pope\u0142nia\u0107 i jak trzyma\u0107 nerwy na wodzy, kiedy tego opanowania najbardziej potrzebuj\u0105 nasze dzieci. A dla tych, kt\u00f3rzy maj\u0105 ju\u017c potomstwo, ta ksi\u0105\u017cka by\u0107 mo\u017ce b\u0119dzie znakiem \u201eStop\u201d, dzi\u0119ki kt\u00f3remu matki czy ojcowie si\u0119 zatrzymaj\u0105 i w ostatniej chwili uratuj\u0105 swoj\u0105 relacj\u0119 z dzieckiem. Emocjonalnie trudna zmusza do my\u015blenia, ale mo\u017ce by\u0107 szans\u0105 dla wszystkich.&nbsp;<\/p>\n\n\n\n<p><strong>Ilona Januszewska, dziennikarka, Telewizja Republika<\/strong><strong><\/strong><\/p>\n\n\n\n<p>Ksi\u0105\u017cka napisana niew\u0105tpliwie przez specjalist\u00f3w, oparta na teorii i metodyce podej\u015bcia terapeutycznego, napisana dost\u0119pnym \u0142agodnym j\u0119zykiem. Dzieci\u0144stwo jest najwa\u017cniejszym czasem w \u017cyciu cz\u0142owieka, dlatego \u017ce dziecko jest stw\u00f3rc\u0105 doros\u0142ego. Nie ma takiego doros\u0142ego, kt\u00f3ry nie by\u0142 wcze\u015bniej dzieckiem. Dlatego doros\u0142y pe\u0142ni w \u017cyciu dziecka okre\u015blon\u0105 rol\u0119: niesie emocje dziecka, odpowiada za nie, wsp\u00f3\u0142dzieli z nim \u017cycie, \u017ceby dziecko mog\u0142o stawa\u0107 si\u0119 odpowiedzialnym, \u015bwiadomym doros\u0142ym. Autorzy wskazuj\u0105 na najwa\u017cniejsz\u0105 ludzk\u0105 potrzeb\u0119, potrzeb\u0119 bycia wa\u017cnym. Ka\u017cdy chce by\u0107 akceptowany i przyj\u0119ty w otoczeniu, w kt\u00f3rym si\u0119 znajduje. Je\u015bli mamy do czynienia z trudno\u015bciami w okresie doros\u0142o\u015bci, to w terapii powracamy do okresu dzieci\u0144stwa. Dzieci\u0144stwo i okres prenatalny to czas, kiedy wszystko si\u0119 zaczyna. Dzieci\u0144stwo to nasza bezpieczna baza na p\u00f3\u017aniejsze okresy \u017cycia, kiedy potrzebujemy wyregulowa\u0107 nasze emocje i wracamy do do\u015bwiadcze\u0144 zdobytych w dzieci\u0144stwie. Na uwag\u0119 zas\u0142uguje spos\u00f3b poruszenia tematu aborcji i poronie\u0144 nie tylko w kontek\u015bcie traumy mi\u0119dzypokoleniowej, ale tak\u017ce braku oceny i hiperbolizacji.&nbsp;<\/p>\n\n\n\n<p>Ksi\u0105\u017cka jest terapeutycznym poradnikiem dla wszystkich, kt\u00f3rzy chc\u0105 otrzyma\u0107 wsparcie w ich rodzicielskich zmaganiach i pozwala na dopasowanie narz\u0119dzi do siebie, bo wszyscy jeste\u015bmy r\u00f3\u017cni \u2013 to jej niezwyk\u0142a warto\u015b\u0107.&nbsp;<\/p>\n\n\n\n<p><strong>Ewelina Maruszewska-Majchrzak, pedagog, konsultantka psychoterapeutyczna WAPP, t<\/strong><strong>renerka Montessori, dyrektor szko\u0142y podstawowej<\/strong><\/p>\n\n\n\n<p>Ta ksi\u0105\u017cka to co\u015b wi\u0119cej ni\u017c skondensowany w 35 punktach poradnik. To soczewka na wra\u017cliw\u0105 relacj\u0119 dziecko-rodzic. Wspania\u0142e do\u015bwiadczenie i cenna lekcja, jak spojrze\u0107 na nie, nie tylko oczami dziecka, ale przede wszystkim, jak zajrze\u0107 nimi w g\u0142\u0105b siebie. Przepracowa\u0107 to, czego do tej pory nie zrobili\u015bmy na etapie budowy w\u0142asnych fundament\u00f3w. Po wnikliwym przeczytaniu mam pewn\u0105 refleksj\u0119. Ot\u00f3\u017c rodzicielstwo metaforycznie przyr\u00f3wna\u0142abym do lotu samolotem. Nie bez powodu podstawow\u0105 zasad\u0105 bezpiecze\u0144stwa na jego pok\u0142adzie jest za\u0142o\u017cenie maski z tlenem najpierw sobie, a nast\u0119pnie dziecku. Dok\u0142adnie ta sama regu\u0142a powinna by\u0107 praktykowana w jego wychowaniu. Zacz\u0105\u0107 musimy od siebie. Dlaczego? Jak osi\u0105gn\u0105\u0107 upragniony rodzicielski sukces? Po przeczytaniu tego kompendium odpowiedzi i wnioski nasun\u0105 si\u0119 same.<em><\/em><\/p>\n\n\n\n<p><strong>Aleksander Sikora, prezenter telewizyjny&nbsp;<\/strong><strong><\/strong><\/p>\n\n\n\n<p>\u201eWi\u0119\u017a emocjonalna to \u017cycie\u2026\u201d \u2013 to zdanie najbardziej zapad\u0142o mi w sercu.&nbsp;<a>To ksi\u0105\u017cka o \u015bwiadomym rodzicielstwie. \u017beby mie\u0107 wi\u0119\u017a emocjonaln\u0105 i relacj\u0119 z dzieckiem, najpierw trzeba mie\u0107 relacj\u0119 z samym sob\u0105, by\u0107 \u015bwiadomym siebie i swoich prze\u017cy\u0107. Bycie autentycznym, prawdziwym a nie idealnym, jednocze\u015bnie otwartym na prac\u0119 nad sob\u0105 to filary, na kt\u00f3rych mo\u017cemy budowa\u0107 relacje z dzieckiem.&nbsp;<\/a>Do tego dodajmy jeszcze wiar\u0119 w dziecko oraz \u015bwiadomo\u015b\u0107, \u017ce nie ma idealnych rodzic\u00f3w ani idealnych dzieci. I tak mo\u017cna pr\u00f3bowa\u0107 budowa\u0107 relacj\u0119. Ksi\u0105\u017cka, kt\u00f3ra pomo\u017ce zrozumie\u0107 siebie i dziecko.<\/p>\n\n\n\n<p><strong>Magdalena St\u0119pie\u0144, life coach, konsultant kryzysowy<\/strong><\/p>\n","protected":false},"excerpt":{"rendered":"<p>RECENZJE&nbsp; Nie czyta\u0142em dotychczasowych publikacji Katarzyny Matusz i ks. Stanis\u0142awa Szlassy. \u201eO niekt\u00f3rych l\u0119kach dzieci i nastolatk\u00f3w. Zanim p\u00f3jdziesz na terapi\u0119\u201d jest pierwsz\u0105. Ksi\u0119dza Stanis\u0142awa znam raczej jako celebransa z u\u015bmiechem przygl\u0105daj\u0105cego si\u0119 ka\u017cdemu obecnemu w ko\u015bciele, jakby chcia\u0142 sprawdzi\u0107 list\u0119 obecno\u015bci, albo mo\u017ce da\u0107 odczu\u0107 ka\u017cdemu z osobna, \u017ce cieszy go jego obecno\u015b\u0107.&nbsp; Podkre\u015blenie&#8230;<\/p>\n","protected":false},"author":1,"featured_media":0,"parent":0,"menu_order":0,"comment_status":"closed","ping_status":"closed","template":"","meta":{"footnotes":""},"class_list":["post-287","page","type-page","status-publish","hentry"],"_links":{"self":[{"href":"https:\/\/przystanrozwoju.pl\/index.php?rest_route=\/wp\/v2\/pages\/287","targetHints":{"allow":["GET"]}}],"collection":[{"href":"https:\/\/przystanrozwoju.pl\/index.php?rest_route=\/wp\/v2\/pages"}],"about":[{"href":"https:\/\/przystanrozwoju.pl\/index.php?rest_route=\/wp\/v2\/types\/page"}],"author":[{"embeddable":true,"href":"https:\/\/przystanrozwoju.pl\/index.php?rest_route=\/wp\/v2\/users\/1"}],"replies":[{"embeddable":true,"href":"https:\/\/przystanrozwoju.pl\/index.php?rest_route=%2Fwp%2Fv2%2Fcomments&post=287"}],"version-history":[{"count":1,"href":"https:\/\/przystanrozwoju.pl\/index.php?rest_route=\/wp\/v2\/pages\/287\/revisions"}],"predecessor-version":[{"id":288,"href":"https:\/\/przystanrozwoju.pl\/index.php?rest_route=\/wp\/v2\/pages\/287\/revisions\/288"}],"wp:attachment":[{"href":"https:\/\/przystanrozwoju.pl\/index.php?rest_route=%2Fwp%2Fv2%2Fmedia&parent=287"}],"curies":[{"name":"wp","href":"https:\/\/api.w.org\/{rel}","templated":true}]}}