{"id":536,"date":"2024-04-26T21:46:37","date_gmt":"2024-04-26T19:46:37","guid":{"rendered":"https:\/\/przystanrozwoju.pl\/?page_id=536"},"modified":"2024-04-26T21:46:37","modified_gmt":"2024-04-26T19:46:37","slug":"kobieta-ale-jaka-recenzje","status":"publish","type":"page","link":"https:\/\/przystanrozwoju.pl\/?page_id=536","title":{"rendered":"Kobieta, ale jaka? &#8211; recenzje"},"content":{"rendered":"\n<blockquote class=\"wp-block-quote is-layout-flow wp-block-quote-is-layout-flow\">\n<p>Autorzy kre\u015bl\u0105 obraz kobieco\u015bci dojrza\u0142ej i spe\u0142nionej. Ksi\u0105\u017cka szczeg\u00f3lnie pomocna dla kobiet, kt\u00f3re si\u0119 jako\u015b zagubi\u0142y, zmierzaj\u0105 do szcz\u0119\u015bcia, ale nie wiedz\u0105 dok\u0142adnie, jak\u0105 obra\u0107 drog\u0119. Ukazano w niej, jak trzeba zmieni\u0107 my\u015blenie o sobie, o relacjach, w kt\u00f3rych si\u0119 jest, po to, by zbudowa\u0107 siebie na nowo jako siln\u0105, niezale\u017cn\u0105 kobiet\u0119. Nie znaczy to jednak, \u017ce jest to pozycja jedynie dla os\u00f3b poszukuj\u0105cych rozwi\u0105zania swoich problem\u00f3w. Ka\u017cdy odnajdzie w niej co\u015b dla siebie, tak\u017ce m\u0119\u017cczyzna chc\u0105cy zbudowa\u0107 dobr\u0105 relacj\u0119 z partnerk\u0105. Do lektury zach\u0119ca tak\u017ce przyjemny j\u0119zyk i prostota przekazu.<\/p>\n<\/blockquote>\n\n\n\n<p><strong>Ewa, mama<\/strong><\/p>\n\n\n\n<blockquote class=\"wp-block-quote is-layout-flow wp-block-quote-is-layout-flow\">\n<p>Jaka jest wsp\u00f3\u0142czesna kobieta? Jaka powinna by\u0107? Czy musi by\u0107 taka, jak oczekuje od Niej dzisiejszy \u015bwiat? Rzeczywisto\u015b\u0107 jest tej materii bardzo wymagaj\u0105ca, a Autorzy w swojej ksi\u0105\u017cce walcz\u0105 ze stereotypami umiej\u0119tnie je dekonstruuj\u0105c. W prostych s\u0142owach ukazuj\u0105 zagro\u017cenia wsp\u00f3\u0142czesno\u015bci, ale nie daj\u0105 \u0142atwych rozwi\u0105za\u0144. Nie boj\u0105 si\u0119 r\u00f3wnie\u017c dotyka\u0107 delikatnych kwestii relacji, emocji oraz wiary. W czasie lektury cz\u0119sto przychodzi na my\u015bl slogan: \u201eB\u0105d\u017a po prostu sob\u0105!\u201d. To wcale nie jest takie proste. Tematu oczywi\u015bcie nie spos\u00f3b wyczerpa\u0107 w jednej ksi\u0105\u017cce, ale takie pozycje s\u0105 niezb\u0119dne, zw\u0142aszcza dzi\u015b. Czekamy na wi\u0119cej.<\/p>\n<\/blockquote>\n\n\n\n<p><strong>Piotr, muzyk&nbsp;<\/strong><\/p>\n\n\n\n<blockquote class=\"wp-block-quote is-layout-flow wp-block-quote-is-layout-flow\">\n<p>Tytu\u0142y kolejnych rozdzia\u0142\u00f3w ksi\u0105\u017cki \u201eKobieta, ale jaka?\u201d zaczynaj\u0105 si\u0119 od s\u0142\u00f3w: \u201edobra\u2026 dojrza\u0142a\u2026 m\u0105dra\u2026 uczciwa\u2026 zdeterminowana\u2026\u201d. Ju\u017c lektura spisu tre\u015bci daje do my\u015blenia \u2013 jak wiele odpowiedzialno\u015bci spoczywa na kobiecych barkach!<\/p>\n\n\n\n<p>Na szcz\u0119\u015bcie to nie lista wymog\u00f3w do spe\u0142nienia czy oczekiwa\u0144 na wyrost. Ksi\u0105\u017cka opowiada bowiem o odnajdywaniu tych cech, sedna kobieco\u015bci, w sobie. O poszukiwaniu wewn\u0119trznym. Tym, kt\u00f3re zaczyna si\u0119 i ko\u0144czy w samej Czytelniczce, kt\u00f3ra \u2013 co za ulga! \u2013 nie musi si\u0119 na si\u0142\u0119 zmienia\u0107 czy kreowa\u0107.<\/p>\n\n\n\n<p>Kobieta, z natury, ma ju\u017c pe\u0142en pakiet. Tylko, \u017ce ka\u017cda \u2013 troszk\u0119 inny. Uszyty na miar\u0119, specjalnie dla niej. Idealnie&nbsp;pasuj\u0105cy do jej \u017cyciowej historii. Ksi\u0105\u017cka opowiada o duchowej, intelektualnej i terapeutycznej drodze, kt\u00f3r\u0105 ka\u017cda z nas musi przej\u015b\u0107 samodzielnie. Publikacja mo\u017ce by\u0107 jednak przydatn\u0105 na tej drodze map\u0105, zbiorem wskaz\u00f3wek i podpowiedzi. Przewodnik \u2013 czyli Autor \u2013 nie ocenia, a do ostatniej kartki zdaje si\u0119 by\u0107 po naszej stronie.<\/p>\n\n\n\n<p>Spodoba\u0142o mi si\u0119 szczeg\u00f3lnie zdanie&nbsp;napisane w nawi\u0105zaniu do wszechobecnych, samozwa\u0144czych ekspert\u00f3w do spraw kobiecych, bryluj\u0105cych na Facebooku i Instagramie: Autor pisze: \u201eZ mediami radz\u0119 sobie tak, \u017ce im nie dowierzam\u201d. Jakie \u0142adne!<\/p>\n\n\n\n<p><strong>Monika Brzuchala, Redakcja Audycji Katolickich TVP<\/strong><\/p>\n<\/blockquote>\n\n\n\n<blockquote class=\"wp-block-quote is-layout-flow wp-block-quote-is-layout-flow\">\n<p>Stanis\u0142aw Szlassa precyzyjnie i subtelnie, krok po kroku odkrywa i analizuje wymiary kobiecej natury. Patrzy szeroko i dojrzale. Pomaga kobietom zdefiniowa\u0107 swoje miejsce w nie\u0142atwych, wsp\u00f3\u0142czesnych realiach. Nie oddziela si\u0142y i niezale\u017cno\u015bci od subtelno\u015bci i delikatno\u015bci. Nie ogranicza atrybut\u00f3w kobieco\u015bci, ani do tych utrwalonych w kulturze i tradycyjnym wychowaniu, ani do tych, kt\u00f3re widniej\u0105 na sztandarach ruch\u00f3w feministycznych.&nbsp;<\/p>\n\n\n\n<p>Daje przestrze\u0144 do akceptacji siebie i d\u0105\u017cenia do spe\u0142nienia, niezale\u017cnie od sytuacji \u017cyciowej i statusu kobiety. D\u0142ugie do\u015bwiadczenie Autora w gabinecie terapeutycznym, wysoka wra\u017cliwo\u015b\u0107, a tak\u017ce wewn\u0119trzna zgoda na z\u0142o\u017cono\u015b\u0107 \u015bwiata przenikaj\u0105 ka\u017cd\u0105 my\u015bl zawart\u0105 w ksi\u0105\u017cce. Rodz\u0105 w Czytelniku zaufanie, a poprzez to tak\u017ce motywacj\u0119, by zg\u0142\u0119bia\u0107 tajniki w\u0142asnego wn\u0119trza i d\u0105\u017cy\u0107 do rozwoju.<\/p>\n\n\n\n<p>Autor bez uwznio\u015ble\u0144 i lukru pochyla si\u0119 nad codziennymi dylematami kobiet, daj\u0105c nam, Czytelniczkom, poczucie, \u017ce jeste\u015bmy wa\u017cne i stworzone, by \u017cy\u0107 pe\u0142ni\u0105 \u017cycia. Odwa\u017cnie odk\u0142amuje mity, kt\u00f3re podcinaj\u0105 nasze skrzyd\u0142a. U\u015bwiadamia, \u017ce jeste\u015bmy jak wszech\u015bwiaty \u2013 cudownie z\u0142o\u017cone. Nosimy w sobie ogie\u0144 i wod\u0119, czu\u0142o\u015b\u0107 i si\u0142\u0119. Motywuje do poszukiwania siebie i przypomina, \u017ce \u017cyjemy by czerpa\u0107 ze \u015bwiata pe\u0142nymi gar\u015bciami.<\/p>\n\n\n\n<p><strong>Maria Ciarci\u0144ska, aktywna zawodowo \u017cona i mama tr\u00f3jki dzieci. Kobieta z sercem \u0142akn\u0105cym przyg\u00f3d i g\u0142ow\u0105 na karku.<\/strong><\/p>\n<\/blockquote>\n\n\n\n<blockquote class=\"wp-block-quote is-layout-flow wp-block-quote-is-layout-flow\">\n<p>Kiedy chcemy potwierdzi\u0107 swoj\u0105 kobieco\u015b\u0107 w oczach i lustrach innych, b\u0119dziemy nie do\u015b\u0107 atrakcyjne, dobre, niezale\u017cne, zaradne, panuj\u0105ce nad emocjami. Zaczynamy si\u0119 por\u00f3wnywa\u0107 i zawsze znajdzie si\u0119 kto\u015b, kto wypadnie lepiej.&nbsp;<\/p>\n\n\n\n<p>Autorzy szukaj\u0105 \u017ar\u00f3de\u0142 kobieco\u015bci wewn\u0105trz, nie na zewn\u0105trz. Ksi\u0105\u017cka mo\u017ce by\u0107 pomocna w u\u0142o\u017ceniu dobrego dzia\u0142ania skomplikowanej \u201emaszynerii\u201d kobiecych emocji, relacji i postrzegania siebie. \u015awiat filtr\u00f3w psuje nasze my\u015blenie o sobie, dodaje ci\u0119\u017car\u00f3w, kt\u00f3rych wcale nie musimy nosi\u0107. Stw\u00f3rzmy zdrowy model kobieco\u015bci dodaj\u0105cy nam si\u0142, pozwalaj\u0105cy osi\u0105gn\u0105\u0107 harmoni\u0119 i szcz\u0119\u015bcie. Jak to zrobi\u0107? Przeczytajcie koniecznie.<\/p>\n\n\n\n<p><strong>Anna Czytowska, Radio Nadzieja<\/strong><\/p>\n<\/blockquote>\n\n\n\n<blockquote class=\"wp-block-quote is-layout-flow wp-block-quote-is-layout-flow\">\n<p>Ciep\u0142o, dobro\u0107, oddanie, wra\u017cliwo\u015b\u0107, cierpliwo\u015b\u0107\u2026 Liczba atrybut\u00f3w, kt\u00f3rymi obdarza si\u0119 kobiet\u0119 i kobieco\u015b\u0107 jest imponuj\u0105ca. Ta ksi\u0105\u017cka uzmys\u0142awia, kiedy te cechy jawi\u0105 si\u0119 klejnotami i s\u0142u\u017c\u0105 ozdobie, a kiedy zamieniaj\u0105 si\u0119 w m\u0142y\u0144skie ko\u0142a ci\u0105gn\u0105ce w otch\u0142a\u0144. Uzmys\u0142awia te\u017c, \u017ce odpowied\u017a na pytanie \u201e\u2026ale jaka?\u201d nie padnie bez zaanga\u017cowania pierwiastka m\u0119skiego.<\/p>\n\n\n\n<p>Tym bardziej \u201eKobieta, ale jaka?\u201d powinna zainteresowa\u0107\u2026 pan\u00f3w. Tak, wiem! Mniemanie, \u017ce nie da si\u0119 zrozumie\u0107 kobiety jest powszechne i traktowane jak pewnik, ale czy to oznacza, \u017ce wolno nam nie pr\u00f3bowa\u0107, panowie? Zw\u0142aszcza, \u017ce zapominamy o oczywistych prawdach, kt\u00f3re Autorzy przypominaj\u0105, cho\u0107by tej, \u017ce \u201ejedna osoba nie zrobi relacji\u201d\u2026<\/p>\n\n\n\n<p>Zastanawiam si\u0119, czy takie frazy, jak \u201e\u2026kobiety przegl\u0105daj\u0105c si\u0119 w lustrze nie widz\u0105 siebie, tylko inne osoby\u201d dotycz\u0105 tylko kobiet? Naprawd\u0119? To nie o nas s\u0142owa, panowie? Bo to ksi\u0105\u017cka tak na prawd\u0119 o kobietach i m\u0119\u017cczyznach \u2013 o rodzaju ludzkim.<\/p>\n\n\n\n<p><strong>Robert \u0141uchnniak,&nbsp;<\/strong><strong>dziennikarz Radia Dla Ciebie<\/strong><strong><\/strong><\/p>\n<\/blockquote>\n\n\n\n<blockquote class=\"wp-block-quote is-layout-flow wp-block-quote-is-layout-flow\">\n<p>Ta ksi\u0105\u017cka trafi\u0142a do mnie we w\u0142a\u015bciwym momencie. U\u015bwiadomi\u0142a mi, \u017ce my \u2013 kobiety \u2013 nie musimy cierpie\u0107, nie musimy si\u0119 po\u015bwi\u0119ca\u0107, nie musimy rezygnowa\u0107 z siebie, \u017ce to nie jest dobra droga. Wr\u0119cz przeciwnie \u2013 w tej ksi\u0105\u017cce jest bardzo wa\u017cne przes\u0142anie: \u201eKobieto, jeste\u015b wa\u017cna, dla siebie i dla \u015bwiata i tak masz si\u0119 czu\u0107! B\u0105d\u017a dumna, \u017ce jeste\u015b kobiet\u0105 i dbaj o siebie!\u201d. To bardzo pokrzepiaj\u0105ce w dzisiejszych czasach, \u017ce jednak mo\u017cna, a nawet trzeba by\u0107 dobrym dla siebie!&nbsp;<\/p>\n<\/blockquote>\n\n\n\n<p><strong>Daria Prokopiuk,&nbsp;pocz\u0105tkuj\u0105ca \u017cona i mama<\/strong><\/p>\n\n\n\n<blockquote class=\"wp-block-quote is-layout-flow wp-block-quote-is-layout-flow\">\n<p>Z prawdziw\u0105 ciekawo\u015bci\u0105 przeczyta\u0142am najnowsz\u0105 ksi\u0105\u017ck\u0119 wspania\u0142ego duetu Szlassa-Matusz. \u201eKobieta, ale jaka?\u201d&nbsp;jest jak lustro. Ka\u017cda z nas znajdzie w nim co\u015b dla siebie. Lustro du\u017ce, wygodne, obejmuj\u0105ce ca\u0142\u0105 posta\u0107 \u2013 tak by zobaczy\u0107 siebie z dystansu. Ale te\u017c lusterko ma\u0142e, doskona\u0142e do uwa\u017cnego przyjrzenia si\u0119 szczeg\u00f3\u0142om.&nbsp;<\/p>\n\n\n\n<p>To z pewno\u015bci\u0105 ksi\u0105\u017cka wymagaj\u0105ca. Taka, kt\u00f3ra zaprasza Czytelniczk\u0119 do uwa\u017cno\u015bci. To ksi\u0105\u017cka, kt\u00f3rej nie mo\u017cna czyta\u0107 w po\u015bpiechu, na jeden raz, od deski do deski. Trzeba j\u0105 dzieli\u0107 na cz\u0119\u015bci i zag\u0142\u0119bia\u0107 si\u0119 w ni\u0105 powoli. Rozwa\u017ca\u0107. Wraca\u0107. Smakowa\u0107. \u0141atwo to zrobi\u0107, gdy\u017c sk\u0142ada si\u0119 ona z wielu podrozdzia\u0142\u00f3w w sam raz na jednorazowe \u2013 m\u0105dre i szczere \u2013 spotkanie z sob\u0105 sam\u0105. Alfabetyczny uk\u0142ad sprzyja wygodnej lekturze. Gor\u0105co j\u0105 polecam.<\/p>\n\n\n\n<p><strong>dr Magdalena Siuta, andragog<\/strong><\/p>\n<\/blockquote>\n\n\n\n<blockquote class=\"wp-block-quote is-layout-flow wp-block-quote-is-layout-flow\">\n<p>Ksi\u0105\u017cka-rozmowa \u201eKobieta ale jaka\u201d to alfabetyczny spis cech przypisanych kobiecie, roz\u0142o\u017cony na czynniki pierwsze w ka\u017cdym z rozdzia\u0142\u00f3w. Przejrzysty uk\u0142ad. Jasno\u015b\u0107 i trafno\u015b\u0107 opisu poszczeg\u00f3lnych zagadnie\u0144. D\u0105\u017cenie do z\u0142otego \u015brodka \u2013 nie popadanie w skrajno\u015bci, a przy tym wyja\u015bnianie i nazywanie spraw po imieniu, jak w w\u0105tku o przeklinaniu czy o pobo\u017cno\u015bci. Wszystko to sprawia, \u017ce ksi\u0105\u017ck\u0119 czyta si\u0119 lekko i szybko. Jednak lektura tej ksi\u0105\u017ceczki, mimo niepozornych rozmiar\u00f3w, zaj\u0119\u0142a mi kilka dni.&nbsp;<\/p>\n\n\n\n<p>Przypomina\u0142o to troch\u0119 g\u00f3rsk\u0105 w\u0119dr\u00f3wk\u0119. Kilkana\u015bcie stron \u2013 chwila na oddech, na podziwianie widoku. Nast\u0119pnych kilkana\u015bcie stron, chwila na odpoczynek, bo co\u015b zak\u0142u\u0142o. Nast\u0119pnych kilka stron, kamyk w bucie. Par\u0119 kolejnych krok\u00f3w \u2013 kolec. Wyjm\u0119 sama, czy potrzebuj\u0119 fachowej pomocy? I tak a\u017c do ok\u0142adki.&nbsp;<\/p>\n\n\n\n<p>Zagadnienia zwi\u0105zane ze \u015bwiatem kobiet s\u0105 mi niezwykle bliskie. Na co dzie\u0144 po\u015bwi\u0119cam im sporo uwagi \u2013 sama jestem kobiet\u0105, c\u00f3rk\u0105 i wnuczk\u0105, a tak\u017ce mam\u0105 trzech c\u00f3rek. Moja szeroko poj\u0119ta rodzina jest mocno sfeminizowana. Kobieco\u015b\u0107 to, mo\u017cna powiedzie\u0107, m\u00f3j chleb powszedni. W mojej codzienno\u015bci pojawia si\u0119 wiele zagadnie\u0144 poruszonych w ksi\u0105\u017cce \u201eKobieta, ale jaka\u201d. Cz\u0119sto zwielokrotnionych, bo wyst\u0119puj\u0105 w odniesieniu do mnie oraz moich c\u00f3rek i ich relacji z przyjaci\u00f3\u0142kami czy ze \u015bwiatem m\u0119skim.&nbsp;<\/p>\n\n\n\n<p>Ogromn\u0105 zalet\u0105 ksi\u0105\u017cki jest lakoniczne uj\u0119cie tematu. Pomimo tego, \u017ce ksi\u0105\u017cka jest do\u015b\u0107 kr\u00f3tka, jest bardzo konkretna. Dzi\u0119ki temu dobrze nadaje si\u0119 do tego, by m\u00f3c poobserwowa\u0107 w sobie opisane kwestie. Umo\u017cliwia dostrze\u017cenie, czy mam z czym\u015b problem czy nie. Mo\u017ce by\u0107 punktem wyj\u015bcia do pog\u0142\u0119bienia sobie perspektywy i pracy z dostrze\u017conymi zagadnieniami.&nbsp;<\/p>\n\n\n\n<p>Mam poczucie, \u017ce Autorzy czerpi\u0105 zar\u00f3wno z dorobku naukowego z dziedziny psychologii, z bogatego do\u015bwiadczenia \u017cyciowego \u2013 prywatnego i zawodowego, jak i zahaczaj\u0105 czasami o zagadnienia rozwoju duchowego. W moim odczuciu sprawia to, \u017ce uj\u0119cie omawianych zagadnie\u0144 jest szerokie i pe\u0142ne. My\u015bl\u0119, \u017ce za jaki\u015b czas wr\u00f3c\u0119 do lektury, \u017ceby znowu poobserwowa\u0107 i oceni\u0107 zmiany.<\/p>\n\n\n\n<p><strong>Izabela Strzy\u017cewska, \u017cona i mama na pe\u0142en etat<\/strong><\/p>\n<\/blockquote>\n","protected":false},"excerpt":{"rendered":"<p>Autorzy kre\u015bl\u0105 obraz kobieco\u015bci dojrza\u0142ej i spe\u0142nionej. Ksi\u0105\u017cka szczeg\u00f3lnie pomocna dla kobiet, kt\u00f3re si\u0119 jako\u015b zagubi\u0142y, zmierzaj\u0105 do szcz\u0119\u015bcia, ale nie wiedz\u0105 dok\u0142adnie, jak\u0105 obra\u0107 drog\u0119. Ukazano w niej, jak trzeba zmieni\u0107 my\u015blenie o sobie, o relacjach, w kt\u00f3rych si\u0119 jest, po to, by zbudowa\u0107 siebie na nowo jako siln\u0105, niezale\u017cn\u0105 kobiet\u0119. Nie znaczy to&#8230;<\/p>\n","protected":false},"author":1,"featured_media":0,"parent":0,"menu_order":0,"comment_status":"closed","ping_status":"closed","template":"","meta":{"footnotes":""},"class_list":["post-536","page","type-page","status-publish","hentry"],"_links":{"self":[{"href":"https:\/\/przystanrozwoju.pl\/index.php?rest_route=\/wp\/v2\/pages\/536","targetHints":{"allow":["GET"]}}],"collection":[{"href":"https:\/\/przystanrozwoju.pl\/index.php?rest_route=\/wp\/v2\/pages"}],"about":[{"href":"https:\/\/przystanrozwoju.pl\/index.php?rest_route=\/wp\/v2\/types\/page"}],"author":[{"embeddable":true,"href":"https:\/\/przystanrozwoju.pl\/index.php?rest_route=\/wp\/v2\/users\/1"}],"replies":[{"embeddable":true,"href":"https:\/\/przystanrozwoju.pl\/index.php?rest_route=%2Fwp%2Fv2%2Fcomments&post=536"}],"version-history":[{"count":1,"href":"https:\/\/przystanrozwoju.pl\/index.php?rest_route=\/wp\/v2\/pages\/536\/revisions"}],"predecessor-version":[{"id":537,"href":"https:\/\/przystanrozwoju.pl\/index.php?rest_route=\/wp\/v2\/pages\/536\/revisions\/537"}],"wp:attachment":[{"href":"https:\/\/przystanrozwoju.pl\/index.php?rest_route=%2Fwp%2Fv2%2Fmedia&parent=536"}],"curies":[{"name":"wp","href":"https:\/\/api.w.org\/{rel}","templated":true}]}}