{"id":550,"date":"2024-09-30T22:22:52","date_gmt":"2024-09-30T20:22:52","guid":{"rendered":"https:\/\/przystanrozwoju.pl\/?page_id=550"},"modified":"2024-09-30T22:22:52","modified_gmt":"2024-09-30T20:22:52","slug":"kryzys-relacji-kryzys-wiary-recenzje","status":"publish","type":"page","link":"https:\/\/przystanrozwoju.pl\/?page_id=550","title":{"rendered":"Kryzys relacji. Kryzys wiary &#8211; recenzje"},"content":{"rendered":"\n<blockquote class=\"wp-block-quote is-layout-flow wp-block-quote-is-layout-flow\">\n<p>Autorzy ksi\u0105\u017cki \u201eKryzys relacji. Kryzys wiary\u201d pokazuj\u0105 wzajemn\u0105 zale\u017cno\u015b\u0107 mi\u0119dzy relacj\u0105 a wiar\u0105, mi\u0119dzy wymiarem psychicznym a duchowym w cz\u0142owieku, a nawet ich sp\u00f3jno\u015b\u0107. Te dwa zagadnienia i dwa wymiary nie mog\u0105 istnie\u0107 bez siebie. Nie ma wiary bez relacji i relacji bez wiary. Cz\u0142owiek nie stanie si\u0119 wierz\u0105cy, je\u017celi nie otworzy si\u0119 na Boga i nie b\u0119dzie z Bogiem w relacji. Wiara potrzebuje dla siebie relacji, jak m\u00f3wi\u0105 autorzy, by si\u0119 nimi mog\u0142a karmi\u0107, dzi\u0119ki nim mog\u0142a si\u0119 rozwija\u0107, wzmacnia\u0107: \u201eJak wa\u017cna jest w \u017cyciu wiara, kt\u00f3ra pozwala karmi\u0107 si\u0119 relacj\u0105 i jak wa\u017cne s\u0105 relacje, bo one pozwalaj\u0105 by\u0107 cz\u0142owiekiem wiary\u201d.<\/p>\n\n\n\n<p>Autorzy dziel\u0105 si\u0119 z czytelnikami swoj\u0105 wiedz\u0105, ks. Stanis\u0142aw dzieli si\u0119 wieloletnim do\u015bwiadczeniem duszpasterskim i terapeutycznym, pokazuj\u0105c, jak wymiar relacyjny w cz\u0142owieku wp\u0142ywa na jego wiar\u0119 w Pana Boga, na jego spos\u00f3b postrzegania, definiowania i tym samym do\u015bwiadczania Boga. Zaburzona relacyjno\u015b\u0107 u osoby wzgl\u0119dem siebie samej i drugiego cz\u0142owieka czy rzeczywisto\u015bci zewn\u0119trznej, kt\u00f3ra zosta\u0142a ukszta\u0142towana na skutek do\u015bwiadczania trudnych, toksycznych relacji od os\u00f3b w domach rodzinnych czy w instytucjach spo\u0142ecznych, przenosi si\u0119 na zaburzony spos\u00f3b postrzegania i definiowania Boga. W konsekwencji cz\u0142owiek buduje w sobie karykatur\u0119 Boga, z kt\u00f3r\u0105 nie b\u0119dzie chcia\u0142 mie\u0107 \u017cadnej relacji. W negatywnym odniesieniu si\u0119 osoby do Pana Boga, jak zauwa\u017ca Ksi\u0105dz, \u201eOsoba nie skorzysta z obecno\u015bci Boga w jej \u017cyciu. Tak, jakby mia\u0142a lod\u00f3wk\u0119 pe\u0142n\u0105, ale z niej nie korzysta\u0142a, g\u0142odowa\u0142a i umiera\u0142a z g\u0142odu, pragnienia. A je\u017celi kto\u015b j\u0105 zapyta:&nbsp;<em>dlaczego nie jesz?<\/em>, odpowie:&nbsp;<em>Nie wiedzia\u0142am, \u017ce mog\u0119, \u017ce to jest dla mnie<\/em>\u201d.<\/p>\n\n\n\n<p>Konkluduj\u0105c rozwa\u017cania na temat relacji i wiary, autorzy podkre\u015blaj\u0105 siln\u0105 zale\u017cno\u015b\u0107 i wp\u0142yw na siebie tych zagadnie\u0144 i wymiar\u00f3w. Je\u017celi osoba do\u015bwiadcza kryzysu w relacjach, to b\u0119dzie do\u015bwiadcza\u0142a kryzysu w wierze, natomiast je\u017celi b\u0119dzie mia\u0142a pozytywn\u0105 relacj\u0119 ze sob\u0105 sam\u0105 i z innymi (zbudowan\u0105 na do\u015bwiadczeniu pozytywnych relacji z bliskimi osobami), to przeniesie t\u0119 relacj\u0119 na poznawanie Boga i budowanie z Nim bliskiej i pe\u0142nej mi\u0142o\u015bci wi\u0119zi.<\/p>\n\n\n\n<p>Zagadnienie relacji i wiary uwa\u017cam za bardzo aktualne i wa\u017cne, zw\u0142aszcza w dzisiejszej cywilizacji powa\u017cnego kryzysu relacji ludzkich, kt\u00f3re wp\u0142ywaj\u0105 na kryzysy w wierze.<\/p>\n<\/blockquote>\n\n\n\n<p><strong>Miros\u0142aw Skiba, psychoterapeuta i teolog<\/strong><\/p>\n\n\n\n<blockquote class=\"wp-block-quote is-layout-flow wp-block-quote-is-layout-flow\">\n<p>Bardzo lubi\u0119, gdy do tematu wiary i odkrywania blisko\u015bci z Bogiem podchodzi si\u0119w spos\u00f3b \u201enienadmuchany\u201d, lecz prosty, niewykluczaj\u0105cy nikogo. Ksi\u0105\u017cka, kt\u00f3r\u0105 trzymasz w r\u0119ku, jest przyk\u0142adem bardzo osobistego spojrzenia na temat wiary, \u017cycia w Ko\u015bciele, jak i relacji z drugim cz\u0142owiekiem. Jej siln\u0105 stron\u0105 jest bardzo osobiste wyra\u017canie swojego zdania przez autor\u00f3w, z kt\u00f3rymi ch\u0119tnie by si\u0119 podyskutowa\u0142o i wesz\u0142o w dialog.<\/p>\n\n\n\n<p>Niech lektura tych bardzo \u017cyciowych i ciekawych rozwa\u017ca\u0144 poci\u0105gnie Ci\u0119 do zadawania pyta\u0144 sobie i Bogu, aby Twoja wiara sta\u0142a si\u0119jeszcze bardziej \u015bwiadoma i pog\u0142\u0119biona.<\/p>\n<\/blockquote>\n\n\n\n<p><strong>Marcin Zieli\u0144ski, lider wsp\u00f3lnoty G\u0142os Pana w Skierniewicach. Ewangelizator, pos\u0142uguj\u0105cy modlitw\u0105 o uzdrowienie w kraju i za granic\u0105. Jest cz\u0142onkiem Krajowej S\u0142u\u017cby Komunii CHARIS oraz autorem ksi\u0105\u017cek m.in. \u201eRozpal wiar\u0119, a b\u0119d\u0105 dzia\u0142y si\u0119 cuda\u201d, \u201eMi\u0119dzy cierpieniem a uzdrowieniem\u201d, czy \u201eModlitwa w blasku Boga\u201d. Znany z kr\u00f3tkich rozwa\u017ca\u0144 S\u0142owa Bo\u017cego \u201eKwadransik ze S\u0142owem\u201d na YouTube. Tw\u00f3rca projektu \u201eChwa\u0142aMU\u201d. Jest r\u00f3wnie\u017c absolwentem AWF w Warszawie i studentem teologii jak i prezesem Fundacji \u201eRozpal Wiar\u0119\u201d.<\/strong><\/p>\n","protected":false},"excerpt":{"rendered":"<p>Autorzy ksi\u0105\u017cki \u201eKryzys relacji. Kryzys wiary\u201d pokazuj\u0105 wzajemn\u0105 zale\u017cno\u015b\u0107 mi\u0119dzy relacj\u0105 a wiar\u0105, mi\u0119dzy wymiarem psychicznym a duchowym w cz\u0142owieku, a nawet ich sp\u00f3jno\u015b\u0107. Te dwa zagadnienia i dwa wymiary nie mog\u0105 istnie\u0107 bez siebie. Nie ma wiary bez relacji i relacji bez wiary. Cz\u0142owiek nie stanie si\u0119 wierz\u0105cy, je\u017celi nie otworzy si\u0119 na Boga&#8230;<\/p>\n","protected":false},"author":1,"featured_media":0,"parent":0,"menu_order":0,"comment_status":"closed","ping_status":"closed","template":"","meta":{"footnotes":""},"class_list":["post-550","page","type-page","status-publish","hentry"],"_links":{"self":[{"href":"https:\/\/przystanrozwoju.pl\/index.php?rest_route=\/wp\/v2\/pages\/550","targetHints":{"allow":["GET"]}}],"collection":[{"href":"https:\/\/przystanrozwoju.pl\/index.php?rest_route=\/wp\/v2\/pages"}],"about":[{"href":"https:\/\/przystanrozwoju.pl\/index.php?rest_route=\/wp\/v2\/types\/page"}],"author":[{"embeddable":true,"href":"https:\/\/przystanrozwoju.pl\/index.php?rest_route=\/wp\/v2\/users\/1"}],"replies":[{"embeddable":true,"href":"https:\/\/przystanrozwoju.pl\/index.php?rest_route=%2Fwp%2Fv2%2Fcomments&post=550"}],"version-history":[{"count":1,"href":"https:\/\/przystanrozwoju.pl\/index.php?rest_route=\/wp\/v2\/pages\/550\/revisions"}],"predecessor-version":[{"id":551,"href":"https:\/\/przystanrozwoju.pl\/index.php?rest_route=\/wp\/v2\/pages\/550\/revisions\/551"}],"wp:attachment":[{"href":"https:\/\/przystanrozwoju.pl\/index.php?rest_route=%2Fwp%2Fv2%2Fmedia&parent=550"}],"curies":[{"name":"wp","href":"https:\/\/api.w.org\/{rel}","templated":true}]}}